{"id":28,"date":"2026-01-20T12:26:28","date_gmt":"2026-01-20T11:26:28","guid":{"rendered":"https:\/\/graine-rh.fr\/?page_id=28"},"modified":"2026-02-09T14:26:35","modified_gmt":"2026-02-09T13:26:35","slug":"qui-suis-je","status":"publish","type":"page","link":"https:\/\/graine-rh.fr\/index.php\/qui-suis-je\/","title":{"rendered":"Qui suis-je ?"},"content":{"rendered":"\n<figure class=\"wp-block-image size-full\"><img loading=\"lazy\" decoding=\"async\" width=\"260\" height=\"260\" src=\"https:\/\/graine-rh.fr\/wp-content\/uploads\/2026\/01\/LSOL-2.jpg\" alt=\"\" class=\"wp-image-29\" srcset=\"https:\/\/graine-rh.fr\/wp-content\/uploads\/2026\/01\/LSOL-2.jpg 260w, https:\/\/graine-rh.fr\/wp-content\/uploads\/2026\/01\/LSOL-2-150x150.jpg 150w\" sizes=\"auto, (max-width: 260px) 100vw, 260px\" \/><\/figure>\n\n\n\n<p>Je suis Laura SOLIGNY, consultante en ressources humaines et ce que j&rsquo;aime dans mon m\u00e9tier, c&rsquo;est semer des graines ! \ud83d\ude0a<\/p>\n\n\n\n<p><br><\/p>\n\n\n\n<p>On fait tous du mieux que l&rsquo;on peut et parfois, on a besoin d&rsquo;un petit coup de pouce. C&rsquo;est pour \u00e7a que Graine RH existe: pour v\u00e9rifier que vous prenez la bonne direction, pour am\u00e9liorer, cr\u00e9er les outils et process RH qui vous manquent, pour vous montrer le champ des possibles !<\/p>\n\n\n\n<p><br><\/p>\n\n\n\n<p><strong>Mon approche, c&rsquo;est de faire ensemble, de co-construire et de vous rendre autonomes sur les sujets<\/strong><\/p>\n\n\n\n<p>Vous connaissez votre entreprise mieux que quiconque. On part de votre besoin, de vos moyens, de vos envies et moi, je vous fais une proposition qui apporte quelques bonus, qui vous challenge un minimum et qui peut vous faire prendre un peu de hauteur.<\/p>\n\n\n\n<p><br><strong>Les formations que j&rsquo;ai suivies<\/strong><\/p>\n\n\n\n<ul class=\"wp-block-list\">\n<li>Premiers secours en sant\u00e9 mentale (PSSM) \u2013 Continuum Impact (janvier 2026)<\/li>\n\n\n\n<li>CMC Manager et d\u00e9velopper les Talents \u2013 IGS (2022)<\/li>\n\n\n\n<li>Formateur AFEST &#8211; Rep\u00e9reur \u00e9valuateur CQP GRH Plasturgie  &#8211; Formation de formateur \u2013 Via Industries (2021)<\/li>\n\n\n\n<li>Master II Ressources Humaines \u2013 Wesford Lyon (2011)<br><br><\/li>\n<\/ul>\n\n\n\n<p><strong>Mes engagements<\/strong><\/p>\n\n\n\n<ul class=\"wp-block-list\">\n<li>L&rsquo;\u00e9coute et le respect: on a le droit de ne pas \u00eatre d&rsquo;accord.<\/li>\n<\/ul>\n\n\n\n<ul class=\"wp-block-list\">\n<li>La p\u00e9dagogie: on a tous des forces compl\u00e9mentaires. C&rsquo;est justement parce qu&rsquo;on ne sait pas tout que l&rsquo;on peut apprendre.<\/li>\n\n\n\n<li>La confidentialit\u00e9: on reste sur du RH quand m\u00eame \ud83d\ude0a<\/li>\n<\/ul>\n\n\n\n<p><br><\/p>\n\n\n\n<p><strong>Une des phrases que je pr\u00e9f\u00e8re  <\/strong><\/p>\n\n\n\n<p>\u00ab\u00a0De la contrainte na\u00eet l&rsquo;opportunit\u00e9\u00a0\u00bb.<\/p>\n\n\n\n<p><\/p>\n\n\n\n<p><br><\/p>\n\n\n\n<p><strong>Mes convictions <\/strong><\/p>\n\n\n\n<p>Avant d&rsquo;\u00eatre des employeurs et des collaborateurs, nous sommes des hommes et femmes. La vie est pr\u00e9cieuse et nous passons beaucoup de temps au travail. Faisons en sorte que ce temps soit de qualit\u00e9 pour tous !<\/p>\n\n\n\n<p>La sant\u00e9, physique et mentale est primordiale, pour les \u00e9quipes mais aussi pour les dirigeants.<br><br><br>On se rencontre pour \u00e9changer ?<\/p>\n\n\n\n<p>l.soligny@graine-rh.fr<\/p>\n\n\n\n<p>Profil LinkedIn: <a href=\"http:\/\/www.linkedin.com\/in\/laura-soligny-55012bb9\">http:\/\/www.linkedin.com\/in\/laura-soligny-55012bb9<\/a><\/p>\n","protected":false},"excerpt":{"rendered":"<p>Je suis Laura SOLIGNY, consultante en ressources humaines et ce que j&rsquo;aime dans mon m\u00e9tier, c&rsquo;est semer des graines ! \ud83d\ude0a On fait tous du mieux que l&rsquo;on peut et parfois, on a besoin d&rsquo;un petit coup de pouce. C&rsquo;est pour \u00e7a que Graine RH existe: pour v\u00e9rifier que vous prenez la bonne direction, pour [&hellip;]<\/p>\n","protected":false},"author":1,"featured_media":0,"parent":0,"menu_order":0,"comment_status":"closed","ping_status":"closed","template":"","meta":{"footnotes":""},"class_list":["post-28","page","type-page","status-publish","hentry"],"_links":{"self":[{"href":"https:\/\/graine-rh.fr\/index.php\/wp-json\/wp\/v2\/pages\/28","targetHints":{"allow":["GET"]}}],"collection":[{"href":"https:\/\/graine-rh.fr\/index.php\/wp-json\/wp\/v2\/pages"}],"about":[{"href":"https:\/\/graine-rh.fr\/index.php\/wp-json\/wp\/v2\/types\/page"}],"author":[{"embeddable":true,"href":"https:\/\/graine-rh.fr\/index.php\/wp-json\/wp\/v2\/users\/1"}],"replies":[{"embeddable":true,"href":"https:\/\/graine-rh.fr\/index.php\/wp-json\/wp\/v2\/comments?post=28"}],"version-history":[{"count":19,"href":"https:\/\/graine-rh.fr\/index.php\/wp-json\/wp\/v2\/pages\/28\/revisions"}],"predecessor-version":[{"id":111,"href":"https:\/\/graine-rh.fr\/index.php\/wp-json\/wp\/v2\/pages\/28\/revisions\/111"}],"wp:attachment":[{"href":"https:\/\/graine-rh.fr\/index.php\/wp-json\/wp\/v2\/media?parent=28"}],"curies":[{"name":"wp","href":"https:\/\/api.w.org\/{rel}","templated":true}]}}