{"id":64,"date":"2026-01-20T14:18:36","date_gmt":"2026-01-20T13:18:36","guid":{"rendered":"https:\/\/graine-rh.fr\/?page_id=64"},"modified":"2026-02-09T14:10:15","modified_gmt":"2026-02-09T13:10:15","slug":"pourquoi-choisir-graine-rh","status":"publish","type":"page","link":"https:\/\/graine-rh.fr\/index.php\/pourquoi-choisir-graine-rh\/","title":{"rendered":"Pourquoi choisir Graine RH ?"},"content":{"rendered":"\n<figure class=\"wp-block-image size-large\"><img loading=\"lazy\" decoding=\"async\" width=\"1024\" height=\"256\" src=\"https:\/\/graine-rh.fr\/wp-content\/uploads\/2026\/01\/1-1-1024x256.png\" alt=\"\" class=\"wp-image-23\" srcset=\"https:\/\/graine-rh.fr\/wp-content\/uploads\/2026\/01\/1-1-1024x256.png 1024w, https:\/\/graine-rh.fr\/wp-content\/uploads\/2026\/01\/1-1-300x75.png 300w, https:\/\/graine-rh.fr\/wp-content\/uploads\/2026\/01\/1-1-768x192.png 768w, https:\/\/graine-rh.fr\/wp-content\/uploads\/2026\/01\/1-1-1536x384.png 1536w, https:\/\/graine-rh.fr\/wp-content\/uploads\/2026\/01\/1-1.png 1584w\" sizes=\"auto, (max-width: 1024px) 100vw, 1024px\" \/><\/figure>\n\n\n\n<p><br>Pendant mon parcours, j&rsquo;ai accompagn\u00e9 pr\u00e8s de 60 TPE\/PME, principalement dans la plasturgie.<\/p>\n\n\n\n<p>Conventions collectives pratiqu\u00e9es:<\/p>\n\n\n\n<ul class=\"wp-block-list\">\n<li>Plasturgie<\/li>\n\n\n\n<li>M\u00e9tallurgie<\/li>\n\n\n\n<li>Syntec<\/li>\n\n\n\n<li>B\u00e2timent<\/li>\n<\/ul>\n\n\n\n<h2 class=\"wp-block-heading\"><br>Dirigeants de PME, acteurs RH, est ce que Graine RH est fait pour vous ?<br><\/h2>\n\n\n\n<p>Vous vous reconnaissez dans au moins une de ces situations:<\/p>\n\n\n\n<ul class=\"wp-block-list\">\n<li>Vos obligations RH augmentent mais vous manquez de temps pour structurer les choses correctement<\/li>\n\n\n\n<li>Le recrutement devient compliqu\u00e9 et chronophage, vous avez des difficult\u00e9s d&rsquo;attractivit\u00e9<\/li>\n\n\n\n<li>Vos managers font de leur mieux mais sans cadre clair<\/li>\n\n\n\n<li>Vous souhaitez faire le point sur vos comp\u00e9tences et vos \u00e9ventuels risques (polyvalence, d\u00e9parts en retraite, comp\u00e9tences cl\u00e9s non formalis\u00e9es, ni s\u00e9curis\u00e9es)<\/li>\n\n\n\n<li>Vous avez des outils RH mais ils sont peu utilis\u00e9s ou mal compris<\/li>\n\n\n\n<li>Vous voulez avancer sans cr\u00e9er une \u00ab\u00a0usine \u00e0 gaz\u00a0\u00bb<br><\/li>\n<\/ul>\n\n\n\n<h2 class=\"wp-block-heading\"><br>Graine RH vous accompagne si vous souhaitez<br><\/h2>\n\n\n\n<ul class=\"wp-block-list\">\n<li>Clarifier vos priorit\u00e9s RH<\/li>\n\n\n\n<li>Mettre en place des actions simples et efficaces<\/li>\n\n\n\n<li>Rendre vos managers plus autonomes<\/li>\n\n\n\n<li>S\u00e9curiser vos pratiques RH<\/li>\n\n\n\n<li>Gagner du temps et de la s\u00e9r\u00e9nit\u00e9<\/li>\n<\/ul>\n\n\n\n<figure class=\"wp-block-image size-full\"><img loading=\"lazy\" decoding=\"async\" width=\"508\" height=\"478\" src=\"https:\/\/graine-rh.fr\/wp-content\/uploads\/2026\/02\/competences.png\" alt=\"\" class=\"wp-image-102\" srcset=\"https:\/\/graine-rh.fr\/wp-content\/uploads\/2026\/02\/competences.png 508w, https:\/\/graine-rh.fr\/wp-content\/uploads\/2026\/02\/competences-300x282.png 300w\" sizes=\"auto, (max-width: 508px) 100vw, 508px\" \/><\/figure>\n\n\n\n<h2 class=\"wp-block-heading\">L&rsquo;approche Graine RH<\/h2>\n\n\n\n<ul class=\"wp-block-list\">\n<li>Approche terrain de pr\u00e9f\u00e9rence, \u00e0 distance si besoin<\/li>\n\n\n\n<li>Diagnostic pragmatique \u00e0 partir de votre existant<\/li>\n\n\n\n<li>Plan d&rsquo;action concret et prioris\u00e9 en fonction de votre contexte et de vos objectifs<\/li>\n\n\n\n<li>Accompagnement \u00e0 la mise en \u0153uvre<\/li>\n\n\n\n<li>Implication des parties prenantes<\/li>\n\n\n\n<li>Transmission pour vous rendre autonome<br><br><br>Premier \u00e9change gratuit et sans engagement<br><a href=\"mailto:l.soligny@graine-rh.fr\">l.soligny@graine-rh.fr<\/a><\/li>\n<\/ul>\n","protected":false},"excerpt":{"rendered":"<p>Pendant mon parcours, j&rsquo;ai accompagn\u00e9 pr\u00e8s de 60 TPE\/PME, principalement dans la plasturgie. Conventions collectives pratiqu\u00e9es: Dirigeants de PME, acteurs RH, est ce que Graine RH est fait pour vous ? Vous vous reconnaissez dans au moins une de ces situations: Graine RH vous accompagne si vous souhaitez L&rsquo;approche Graine RH<\/p>\n","protected":false},"author":1,"featured_media":0,"parent":0,"menu_order":0,"comment_status":"closed","ping_status":"closed","template":"","meta":{"footnotes":""},"class_list":["post-64","page","type-page","status-publish","hentry"],"_links":{"self":[{"href":"https:\/\/graine-rh.fr\/index.php\/wp-json\/wp\/v2\/pages\/64","targetHints":{"allow":["GET"]}}],"collection":[{"href":"https:\/\/graine-rh.fr\/index.php\/wp-json\/wp\/v2\/pages"}],"about":[{"href":"https:\/\/graine-rh.fr\/index.php\/wp-json\/wp\/v2\/types\/page"}],"author":[{"embeddable":true,"href":"https:\/\/graine-rh.fr\/index.php\/wp-json\/wp\/v2\/users\/1"}],"replies":[{"embeddable":true,"href":"https:\/\/graine-rh.fr\/index.php\/wp-json\/wp\/v2\/comments?post=64"}],"version-history":[{"count":11,"href":"https:\/\/graine-rh.fr\/index.php\/wp-json\/wp\/v2\/pages\/64\/revisions"}],"predecessor-version":[{"id":103,"href":"https:\/\/graine-rh.fr\/index.php\/wp-json\/wp\/v2\/pages\/64\/revisions\/103"}],"wp:attachment":[{"href":"https:\/\/graine-rh.fr\/index.php\/wp-json\/wp\/v2\/media?parent=64"}],"curies":[{"name":"wp","href":"https:\/\/api.w.org\/{rel}","templated":true}]}}